{"id":3505,"date":"2025-02-26T14:42:00","date_gmt":"2025-02-26T17:42:00","guid":{"rendered":"http:\/\/localhost:8888\/spirects\/?page_id=3505"},"modified":"2025-03-20T06:19:28","modified_gmt":"2025-03-20T09:19:28","slug":"projeto","status":"publish","type":"page","link":"https:\/\/spirects.fcsh.unl.pt\/en\/projeto\/","title":{"rendered":"project"},"content":{"rendered":"<div data-elementor-type=\"wp-page\" data-elementor-id=\"3505\" class=\"elementor elementor-3505\">\n\t\t\t\t<div class=\"elementor-element elementor-element-e00d530 e-con-full e-flex e-con e-parent\" data-id=\"e00d530\" data-element_type=\"container\">\n\t\t\t\t<div class=\"elementor-element elementor-element-0d34a2a elementor-widget__width-inherit elementor-invisible elementor-widget elementor-widget-image\" data-id=\"0d34a2a\" data-element_type=\"widget\" data-settings=\"{&quot;_animation&quot;:&quot;h-neuron-animation--fadeIn&quot;}\" data-widget_type=\"image.default\">\n\t\t\t\t<div class=\"elementor-widget-container\">\n\t\t\t\t\t\t\t\t\t\t\t\t\t\t\t<img fetchpriority=\"high\" decoding=\"async\" width=\"2492\" height=\"638\" src=\"https:\/\/spirects.fcsh.unl.pt\/wp-content\/uploads\/2025\/02\/logo_spirects_wave.png\" class=\"attachment-full size-full wp-image-3172\" alt=\"\" srcset=\"https:\/\/spirects.fcsh.unl.pt\/wp-content\/uploads\/2025\/02\/logo_spirects_wave.png 2492w, https:\/\/spirects.fcsh.unl.pt\/wp-content\/uploads\/2025\/02\/logo_spirects_wave-300x77.png 300w, https:\/\/spirects.fcsh.unl.pt\/wp-content\/uploads\/2025\/02\/logo_spirects_wave-1024x262.png 1024w, https:\/\/spirects.fcsh.unl.pt\/wp-content\/uploads\/2025\/02\/logo_spirects_wave-768x197.png 768w, https:\/\/spirects.fcsh.unl.pt\/wp-content\/uploads\/2025\/02\/logo_spirects_wave-1536x393.png 1536w, https:\/\/spirects.fcsh.unl.pt\/wp-content\/uploads\/2025\/02\/logo_spirects_wave-2048x524.png 2048w\" sizes=\"(max-width: 2492px) 100vw, 2492px\" \/>\t\t\t\t\t\t\t\t\t\t\t\t\t\t\t<\/div>\n\t\t\t\t<\/div>\n\t\t\t\t<\/div>\n\t\t<div class=\"elementor-element elementor-element-98136f7 e-flex e-con-boxed elementor-invisible e-con e-parent\" data-id=\"98136f7\" data-element_type=\"container\" data-settings=\"{&quot;animation&quot;:&quot;h-neuron-animation--fadeIn&quot;}\">\n\t\t\t\t\t<div class=\"e-con-inner\">\n\t\t<div class=\"elementor-element elementor-element-0adc478 e-con-full e-flex e-con e-child\" data-id=\"0adc478\" data-element_type=\"container\">\n\t\t\t\t<div class=\"elementor-element elementor-element-68bec48 elementor-widget elementor-widget-text-editor\" data-id=\"68bec48\" data-element_type=\"widget\" data-widget_type=\"text-editor.default\">\n\t\t\t\t<div class=\"elementor-widget-container\">\n\t\t\t\t\t\t\t\t\t<p>The SPIRECTS project combines the study of spiritual practices with the observation of ritual uses of psychedelics. It aims to analyze the socio-cultural and therapeutic implications of such practices from the perspective of both participants and facilitators.<\/p>\t\t\t\t\t\t\t\t<\/div>\n\t\t\t\t<\/div>\n\t\t\t\t<\/div>\n\t\t<div class=\"elementor-element elementor-element-6d6bb68 e-con-full e-flex e-con e-child\" data-id=\"6d6bb68\" data-element_type=\"container\">\n\t\t\t\t<div class=\"elementor-element elementor-element-7483902 elementor-widget elementor-widget-text-editor\" data-id=\"7483902\" data-element_type=\"widget\" data-widget_type=\"text-editor.default\">\n\t\t\t\t<div class=\"elementor-widget-container\">\n\t\t\t\t\t\t\t\t\t<p>Spirituality is understood broadly here, including informal and non-institutional practices with a collective component, studied through what we call \"ritualized emerging contexts\".<\/p>\t\t\t\t\t\t\t\t<\/div>\n\t\t\t\t<\/div>\n\t\t\t\t<\/div>\n\t\t<div class=\"elementor-element elementor-element-61d7741 e-con-full e-flex e-con e-child\" data-id=\"61d7741\" data-element_type=\"container\">\n\t\t\t\t<div class=\"elementor-element elementor-element-483f18f elementor-widget elementor-widget-text-editor\" data-id=\"483f18f\" data-element_type=\"widget\" data-widget_type=\"text-editor.default\">\n\t\t\t\t<div class=\"elementor-widget-container\">\n\t\t\t\t\t\t\t\t\t<p>SPIRECTS is funded by the Foundation for Science and Technology (FCT), developed at CICS.NOVA and coordinated by Jos\u00e9 Alberto Sim\u00f5es, with researchers from different institutions (see team).<\/p>\t\t\t\t\t\t\t\t<\/div>\n\t\t\t\t<\/div>\n\t\t\t\t<\/div>\n\t\t\t\t\t<\/div>\n\t\t\t\t<\/div>\n\t\t<div class=\"elementor-element elementor-element-12b0ded e-flex e-con-boxed e-con e-parent\" data-id=\"12b0ded\" data-element_type=\"container\">\n\t\t\t\t\t<div class=\"e-con-inner\">\n\t\t<div class=\"elementor-element elementor-element-db788db e-con-full e-flex e-con e-child\" data-id=\"db788db\" data-element_type=\"container\">\n\t\t\t\t<div class=\"elementor-element elementor-element-ac82a01 elementor-align-justify elementor-widget elementor-widget-button\" data-id=\"ac82a01\" data-element_type=\"widget\" data-widget_type=\"button.default\">\n\t\t\t\t<div class=\"elementor-widget-container\">\n\t\t\t\t\t\t\t\t\t<div class=\"elementor-button-wrapper\">\n\t\t\t\t\t<a class=\"elementor-button elementor-button-link elementor-size-sm\" href=\"https:\/\/spirects.fcsh.unl.pt\/en\/objetivos\/\" id=\"metodologia\">\n\t\t\t\t\t\t<span class=\"elementor-button-content-wrapper\">\n\t\t\t\t\t\t\t\t\t<span class=\"elementor-button-text\">objectives<\/span>\n\t\t\t\t\t<\/span>\n\t\t\t\t\t<\/a>\n\t\t\t\t<\/div>\n\t\t\t\t\t\t\t\t<\/div>\n\t\t\t\t<\/div>\n\t\t\t\t<\/div>\n\t\t<div class=\"elementor-element elementor-element-290c9ff e-con-full e-flex e-con e-child\" data-id=\"290c9ff\" data-element_type=\"container\">\n\t\t\t\t<div class=\"elementor-element elementor-element-57ee236 elementor-align-justify elementor-widget elementor-widget-button\" data-id=\"57ee236\" data-element_type=\"widget\" data-widget_type=\"button.default\">\n\t\t\t\t<div class=\"elementor-widget-container\">\n\t\t\t\t\t\t\t\t\t<div class=\"elementor-button-wrapper\">\n\t\t\t\t\t<a class=\"elementor-button elementor-button-link elementor-size-sm\" href=\"https:\/\/spirects.fcsh.unl.pt\/en\/metodologia\/\">\n\t\t\t\t\t\t<span class=\"elementor-button-content-wrapper\">\n\t\t\t\t\t\t\t\t\t<span class=\"elementor-button-text\">methodology<\/span>\n\t\t\t\t\t<\/span>\n\t\t\t\t\t<\/a>\n\t\t\t\t<\/div>\n\t\t\t\t\t\t\t\t<\/div>\n\t\t\t\t<\/div>\n\t\t\t\t<\/div>\n\t\t<div class=\"elementor-element elementor-element-5b6dffb e-con-full e-flex e-con e-child\" data-id=\"5b6dffb\" data-element_type=\"container\">\n\t\t\t\t<div class=\"elementor-element elementor-element-76925bd elementor-align-justify elementor-widget elementor-widget-button\" data-id=\"76925bd\" data-element_type=\"widget\" data-widget_type=\"button.default\">\n\t\t\t\t<div class=\"elementor-widget-container\">\n\t\t\t\t\t\t\t\t\t<div class=\"elementor-button-wrapper\">\n\t\t\t\t\t<a class=\"elementor-button elementor-button-link elementor-size-sm\" href=\"https:\/\/spirects.fcsh.unl.pt\/en\/quem-somos\/\">\n\t\t\t\t\t\t<span class=\"elementor-button-content-wrapper\">\n\t\t\t\t\t\t\t\t\t<span class=\"elementor-button-text\">about us<\/span>\n\t\t\t\t\t<\/span>\n\t\t\t\t\t<\/a>\n\t\t\t\t<\/div>\n\t\t\t\t\t\t\t\t<\/div>\n\t\t\t\t<\/div>\n\t\t\t\t<\/div>\n\t\t\t\t\t<\/div>\n\t\t\t\t<\/div>\n\t\t<div class=\"elementor-element elementor-element-b9b8e44 e-con-full e-flex e-con e-parent\" data-id=\"b9b8e44\" data-element_type=\"container\">\n\t\t\t\t<div class=\"elementor-element elementor-element-6122b39 elementor-widget__width-inherit elementor-widget elementor-widget-image\" data-id=\"6122b39\" data-element_type=\"widget\" data-widget_type=\"image.default\">\n\t\t\t\t<div class=\"elementor-widget-container\">\n\t\t\t\t\t\t\t\t\t\t\t\t\t\t\t<img decoding=\"async\" width=\"1024\" height=\"362\" src=\"https:\/\/spirects.fcsh.unl.pt\/wp-content\/uploads\/2025\/03\/Ondas_Verde_projeto-2-1024x362.png\" class=\"attachment-large size-large wp-image-4190\" alt=\"\" srcset=\"https:\/\/spirects.fcsh.unl.pt\/wp-content\/uploads\/2025\/03\/Ondas_Verde_projeto-2-1024x362.png 1024w, https:\/\/spirects.fcsh.unl.pt\/wp-content\/uploads\/2025\/03\/Ondas_Verde_projeto-2-300x106.png 300w, https:\/\/spirects.fcsh.unl.pt\/wp-content\/uploads\/2025\/03\/Ondas_Verde_projeto-2-768x271.png 768w, https:\/\/spirects.fcsh.unl.pt\/wp-content\/uploads\/2025\/03\/Ondas_Verde_projeto-2-1536x542.png 1536w, https:\/\/spirects.fcsh.unl.pt\/wp-content\/uploads\/2025\/03\/Ondas_Verde_projeto-2-2048x723.png 2048w\" sizes=\"(max-width: 1024px) 100vw, 1024px\" \/>\t\t\t\t\t\t\t\t\t\t\t\t\t\t\t<\/div>\n\t\t\t\t<\/div>\n\t\t\t\t<\/div>\n\t\t\t\t<\/div>","protected":false},"excerpt":{"rendered":"<p>O projeto SPIRECTS combina o estudo de pr\u00e1ticas espirituais com a observa\u00e7\u00e3o de usos rituais de subst\u00e2ncias psicad\u00e9licas. Tem como objetivo analisar as implica\u00e7\u00f5es socioculturais e terap\u00eauticas de tais pr\u00e1ticas na perspetiva tanto de participantes como de facilitadores. Espiritualidade \u00e9 aqui entendida de forma ampla, incluindo pr\u00e1ticas informais e n\u00e3o institucionais, com uma componente coletiva,&#8230;<\/p>","protected":false},"author":1,"featured_media":0,"parent":0,"menu_order":0,"comment_status":"closed","ping_status":"closed","template":"","meta":{"footnotes":""},"class_list":["post-3505","page","type-page","status-publish","hentry"],"_links":{"self":[{"href":"https:\/\/spirects.fcsh.unl.pt\/en\/wp-json\/wp\/v2\/pages\/3505","targetHints":{"allow":["GET"]}}],"collection":[{"href":"https:\/\/spirects.fcsh.unl.pt\/en\/wp-json\/wp\/v2\/pages"}],"about":[{"href":"https:\/\/spirects.fcsh.unl.pt\/en\/wp-json\/wp\/v2\/types\/page"}],"author":[{"embeddable":true,"href":"https:\/\/spirects.fcsh.unl.pt\/en\/wp-json\/wp\/v2\/users\/1"}],"replies":[{"embeddable":true,"href":"https:\/\/spirects.fcsh.unl.pt\/en\/wp-json\/wp\/v2\/comments?post=3505"}],"version-history":[{"count":0,"href":"https:\/\/spirects.fcsh.unl.pt\/en\/wp-json\/wp\/v2\/pages\/3505\/revisions"}],"wp:attachment":[{"href":"https:\/\/spirects.fcsh.unl.pt\/en\/wp-json\/wp\/v2\/media?parent=3505"}],"curies":[{"name":"wp","href":"https:\/\/api.w.org\/{rel}","templated":true}]}}