{"id":3392,"date":"2025-02-26T12:28:44","date_gmt":"2025-02-26T15:28:44","guid":{"rendered":"http:\/\/localhost:8888\/spirects\/?page_id=3392"},"modified":"2025-03-20T06:20:06","modified_gmt":"2025-03-20T09:20:06","slug":"objetivos","status":"publish","type":"page","link":"https:\/\/spirects.fcsh.unl.pt\/en\/objetivos\/","title":{"rendered":"objectives"},"content":{"rendered":"<div data-elementor-type=\"wp-page\" data-elementor-id=\"3392\" class=\"elementor elementor-3392\">\n\t\t\t\t<div class=\"elementor-element elementor-element-8ec3de9 e-flex e-con-boxed e-con e-parent\" data-id=\"8ec3de9\" data-element_type=\"container\" data-settings=\"{&quot;background_background&quot;:&quot;slideshow&quot;,&quot;background_slideshow_gallery&quot;:[{&quot;id&quot;:3797,&quot;url&quot;:&quot;https:\\\/\\\/spirects.fcsh.unl.pt\\\/wp-content\\\/uploads\\\/2025\\\/02\\\/linhas_home.png&quot;}],&quot;background_slideshow_loop&quot;:&quot;yes&quot;,&quot;background_slideshow_slide_duration&quot;:5000,&quot;background_slideshow_slide_transition&quot;:&quot;fade&quot;,&quot;background_slideshow_transition_duration&quot;:500}\">\n\t\t\t\t\t<div class=\"e-con-inner\">\n\t\t\t\t<div class=\"elementor-element elementor-element-f7cb6d7 elementor-widget elementor-widget-heading\" data-id=\"f7cb6d7\" data-element_type=\"widget\" data-widget_type=\"heading.default\">\n\t\t\t\t<div class=\"elementor-widget-container\">\n\t\t\t\t\t<h2 class=\"elementor-heading-title elementor-size-default\">OBJECTIVES<\/h2>\t\t\t\t<\/div>\n\t\t\t\t<\/div>\n\t\t\t\t\t<\/div>\n\t\t\t\t<\/div>\n\t\t<div class=\"elementor-element elementor-element-109c4b4 e-flex e-con-boxed e-con e-parent\" data-id=\"109c4b4\" data-element_type=\"container\">\n\t\t\t\t\t<div class=\"e-con-inner\">\n\t\t<div class=\"elementor-element elementor-element-2616a7d e-con-full e-flex e-con e-child\" data-id=\"2616a7d\" data-element_type=\"container\">\n\t\t\t\t<div class=\"elementor-element elementor-element-23fc1ec elementor-widget elementor-widget-text-editor\" data-id=\"23fc1ec\" data-element_type=\"widget\" data-widget_type=\"text-editor.default\">\n\t\t\t\t<div class=\"elementor-widget-container\">\n\t\t\t\t\t\t\t\t\t<p>The SPIRECTS project \u2013 Spiritual practices and psychedelics in ritualized emerging contexts: therapeutic and sociocultural implications (2023.13311.PEX), aims to study ritual uses of SP for spiritual purposes, adopting a perspective that is still unexplored, also in Portugal.<\/p>\t\t\t\t\t\t\t\t<\/div>\n\t\t\t\t<\/div>\n\t\t\t\t<\/div>\n\t\t<div class=\"elementor-element elementor-element-7de01f7 e-con-full e-flex e-con e-child\" data-id=\"7de01f7\" data-element_type=\"container\">\n\t\t\t\t<div class=\"elementor-element elementor-element-90e6a6f elementor-widget elementor-widget-text-editor\" data-id=\"90e6a6f\" data-element_type=\"widget\" data-settings=\"{&quot;motion_fx_motion_fx_scrolling&quot;:&quot;yes&quot;,&quot;motion_fx_opacity_effect&quot;:&quot;yes&quot;,&quot;motion_fx_opacity_range&quot;:{&quot;unit&quot;:&quot;%&quot;,&quot;size&quot;:&quot;&quot;,&quot;sizes&quot;:{&quot;start&quot;:12,&quot;end&quot;:32}},&quot;_animation&quot;:&quot;none&quot;,&quot;_animation_delay&quot;:100,&quot;motion_fx_opacity_direction&quot;:&quot;out-in&quot;,&quot;motion_fx_opacity_level&quot;:{&quot;unit&quot;:&quot;px&quot;,&quot;size&quot;:10,&quot;sizes&quot;:[]},&quot;motion_fx_devices&quot;:[&quot;desktop&quot;,&quot;tablet&quot;,&quot;mobile&quot;]}\" data-widget_type=\"text-editor.default\">\n\t\t\t\t<div class=\"elementor-widget-container\">\n\t\t\t\t\t\t\t\t\t<p>Its focus is on the socio-cultural and therapeutic implications of such practices from the point of view of both users and facilitators, within the psychedelic arena and outside clinical environments.<\/p>\t\t\t\t\t\t\t\t<\/div>\n\t\t\t\t<\/div>\n\t\t\t\t<\/div>\n\t\t<div class=\"elementor-element elementor-element-d1a7b70 e-con-full e-flex e-con e-child\" data-id=\"d1a7b70\" data-element_type=\"container\">\n\t\t\t\t<div class=\"elementor-element elementor-element-48d9577 elementor-widget elementor-widget-text-editor\" data-id=\"48d9577\" data-element_type=\"widget\" data-settings=\"{&quot;motion_fx_motion_fx_scrolling&quot;:&quot;yes&quot;,&quot;motion_fx_opacity_effect&quot;:&quot;yes&quot;,&quot;motion_fx_opacity_range&quot;:{&quot;unit&quot;:&quot;%&quot;,&quot;size&quot;:&quot;&quot;,&quot;sizes&quot;:{&quot;start&quot;:11,&quot;end&quot;:32}},&quot;_animation&quot;:&quot;none&quot;,&quot;_animation_delay&quot;:100,&quot;motion_fx_opacity_direction&quot;:&quot;out-in&quot;,&quot;motion_fx_opacity_level&quot;:{&quot;unit&quot;:&quot;px&quot;,&quot;size&quot;:10,&quot;sizes&quot;:[]},&quot;motion_fx_devices&quot;:[&quot;desktop&quot;,&quot;tablet&quot;,&quot;mobile&quot;]}\" data-widget_type=\"text-editor.default\">\n\t\t\t\t<div class=\"elementor-widget-container\">\n\t\t\t\t\t\t\t\t\t<p>Spirituality is understood here in a broad and fluid way, considering informal and non-institutional practices, with a strongly individualized component, while also addressing its collective dimension through the study of specific contexts of sociability organized around shared practices that we call \"ritualized emerging contexts\".<\/p>\t\t\t\t\t\t\t\t<\/div>\n\t\t\t\t<\/div>\n\t\t\t\t<\/div>\n\t\t<div class=\"elementor-element elementor-element-bf43fab e-con-full e-flex e-con e-child\" data-id=\"bf43fab\" data-element_type=\"container\">\n\t\t\t\t<div class=\"elementor-element elementor-element-f86747d elementor-widget elementor-widget-text-editor\" data-id=\"f86747d\" data-element_type=\"widget\" data-settings=\"{&quot;motion_fx_motion_fx_scrolling&quot;:&quot;yes&quot;,&quot;motion_fx_opacity_effect&quot;:&quot;yes&quot;,&quot;motion_fx_opacity_range&quot;:{&quot;unit&quot;:&quot;%&quot;,&quot;size&quot;:&quot;&quot;,&quot;sizes&quot;:{&quot;start&quot;:11,&quot;end&quot;:32}},&quot;_animation&quot;:&quot;none&quot;,&quot;_animation_delay&quot;:100,&quot;motion_fx_opacity_direction&quot;:&quot;out-in&quot;,&quot;motion_fx_opacity_level&quot;:{&quot;unit&quot;:&quot;px&quot;,&quot;size&quot;:10,&quot;sizes&quot;:[]},&quot;motion_fx_devices&quot;:[&quot;desktop&quot;,&quot;tablet&quot;,&quot;mobile&quot;]}\" data-widget_type=\"text-editor.default\">\n\t\t\t\t<div class=\"elementor-widget-container\">\n\t\t\t\t\t\t\t\t\t<p>It therefore includes a community component that can explain both the involvement of the participants and the way in which any therapeutic results are perceived.<\/p>\t\t\t\t\t\t\t\t<\/div>\n\t\t\t\t<\/div>\n\t\t\t\t<\/div>\n\t\t\t\t\t<\/div>\n\t\t\t\t<\/div>\n\t\t<div class=\"elementor-element elementor-element-2559fae e-flex e-con-boxed e-con e-parent\" data-id=\"2559fae\" data-element_type=\"container\" data-settings=\"{&quot;animation&quot;:&quot;none&quot;}\">\n\t\t\t\t\t<div class=\"e-con-inner\">\n\t\t<div class=\"elementor-element elementor-element-1baf525 e-con-full e-flex e-con e-child\" data-id=\"1baf525\" data-element_type=\"container\">\n\t\t\t\t<div class=\"elementor-element elementor-element-93af412 elementor-widget elementor-widget-heading\" data-id=\"93af412\" data-element_type=\"widget\" data-settings=\"{&quot;motion_fx_motion_fx_scrolling&quot;:&quot;yes&quot;,&quot;motion_fx_opacity_effect&quot;:&quot;yes&quot;,&quot;motion_fx_opacity_range&quot;:{&quot;unit&quot;:&quot;%&quot;,&quot;size&quot;:&quot;&quot;,&quot;sizes&quot;:{&quot;start&quot;:11,&quot;end&quot;:32}},&quot;motion_fx_opacity_direction&quot;:&quot;out-in&quot;,&quot;motion_fx_opacity_level&quot;:{&quot;unit&quot;:&quot;px&quot;,&quot;size&quot;:10,&quot;sizes&quot;:[]},&quot;motion_fx_devices&quot;:[&quot;desktop&quot;,&quot;tablet&quot;,&quot;mobile&quot;]}\" data-widget_type=\"heading.default\">\n\t\t\t\t<div class=\"elementor-widget-container\">\n\t\t\t\t\t<h2 class=\"elementor-heading-title elementor-size-default\">THREE AXES OF ANALYSIS<\/h2>\t\t\t\t<\/div>\n\t\t\t\t<\/div>\n\t\t\t\t<\/div>\n\t\t\t\t\t<\/div>\n\t\t\t\t<\/div>\n\t\t<div class=\"elementor-element elementor-element-1901561 e-flex e-con-boxed e-con e-parent\" data-id=\"1901561\" data-element_type=\"container\">\n\t\t\t\t\t<div class=\"e-con-inner\">\n\t\t<div class=\"elementor-element elementor-element-d19077d e-con-full e-flex e-con e-child\" data-id=\"d19077d\" data-element_type=\"container\">\n\t\t\t\t<div class=\"elementor-element elementor-element-0a8dd4e neuron-arrows-animation--none elementor-invisible elementor-widget elementor-widget-neuron-slides\" data-id=\"0a8dd4e\" data-element_type=\"widget\" data-settings=\"{&quot;navigation&quot;:&quot;arrows&quot;,&quot;transition&quot;:&quot;fade&quot;,&quot;motion_fx_motion_fx_scrolling&quot;:&quot;yes&quot;,&quot;motion_fx_opacity_effect&quot;:&quot;yes&quot;,&quot;motion_fx_opacity_range&quot;:{&quot;unit&quot;:&quot;%&quot;,&quot;size&quot;:&quot;&quot;,&quot;sizes&quot;:{&quot;start&quot;:11,&quot;end&quot;:32}},&quot;infinite&quot;:&quot;yes&quot;,&quot;pause_on_hover&quot;:&quot;yes&quot;,&quot;keyboard_navigation&quot;:&quot;yes&quot;,&quot;autoplay&quot;:&quot;no&quot;,&quot;animation&quot;:&quot;yes&quot;,&quot;neuron_animations&quot;:&quot;h-neuron-animation--slideUp&quot;,&quot;animation_delay&quot;:200,&quot;transition_speed&quot;:500,&quot;arrows_hover_animation&quot;:&quot;none&quot;,&quot;motion_fx_opacity_direction&quot;:&quot;out-in&quot;,&quot;motion_fx_opacity_level&quot;:{&quot;unit&quot;:&quot;px&quot;,&quot;size&quot;:10,&quot;sizes&quot;:[]},&quot;motion_fx_devices&quot;:[&quot;desktop&quot;,&quot;tablet&quot;,&quot;mobile&quot;]}\" data-widget_type=\"neuron-slides.default\">\n\t\t\t\t<div class=\"elementor-widget-container\">\n\t\t\t\t\t\t\t<div class=\"neuron-swiper\">\r\n\t\t\t<div class=\"neuron-slides-wrapper neuron-main-swiper swiper-container\" data-animation-id=\"6b90255739374b746c0e4ed42e190ba1\">\r\n\t\t\t\t<div class=\"swiper-wrapper neuron-slides\">\r\n\t\t\t\t\t<div class=\"elementor-repeater-item-10227c0 swiper-slide\"><div class=\"swiper-slide--background\"><\/div>\r\n\t\t\t\t\t\t\t\t<div  class=\"swiper-slide--inner\">\r\n\t\t\t\t\t\t\t\t<div class=\"neuron-slide-content\"><div class=\"neuron-slide-heading neuron-slide-animation\" >1. SOCIOCULTURAL<\/div><div class=\"neuron-slide-description neuron-slide-animation\" >through which we aim to examine the type of groups\/communities that emerge around the ritual uses of PS in certain contexts and identify their motivations.<\/div><\/div><\/div><\/div><div class=\"elementor-repeater-item-79c9920 swiper-slide\"><div class=\"swiper-slide--background\"><\/div>\r\n\t\t\t\t\t\t\t\t<div  class=\"swiper-slide--inner\">\r\n\t\t\t\t\t\t\t\t<div class=\"neuron-slide-content\"><div class=\"neuron-slide-heading neuron-slide-animation\" >2. THERAPEUTIC<\/div><div class=\"neuron-slide-description neuron-slide-animation\" >through which we intend to analyze how any therapeutic, transformative or spiritual effects\/results are perceived and experienced by those who offer and seek out such practices.<\/div><\/div><\/div><\/div><div class=\"elementor-repeater-item-ceb08b9 swiper-slide\"><div class=\"swiper-slide--background\"><\/div>\r\n\t\t\t\t\t\t\t\t<div  class=\"swiper-slide--inner\">\r\n\t\t\t\t\t\t\t\t<div class=\"neuron-slide-content\"><div class=\"neuron-slide-heading neuron-slide-animation\" >3. ETHICAL-LEGAL<\/div><div class=\"neuron-slide-description neuron-slide-animation\" >which focuses on the ethical-legal challenges faced essentially by the participants and organizers of the practices in question.<\/div><\/div><\/div><\/div>\t\t\t\t<\/div>\r\n\t\t\t<\/div>\r\n\r\n\t\t\t\r\n\t\t\t\t\r\n\t\t\t\t\t\t\t\t\r\n\t\t\t\t\t\t\t\t\t<div class=\"neuron-swiper-button neuron-swiper-button--prev\">\r\n\t\t\t\t\t\t\t\t\t\t\t\t\t<div class=\"neuron-icon\"><svg aria-hidden=\"true\" class=\"e-font-icon-svg e-fas-chevron-left\" viewbox=\"0 0 320 512\" xmlns=\"http:\/\/www.w3.org\/2000\/svg\"><path d=\"M34.52 239.03L228.87 44.69c9.37-9.37 24.57-9.37 33.94 0l22.67 22.67c9.36 9.36 9.37 24.52.04 33.9L131.49 256l154.02 154.75c9.34 9.38 9.32 24.54-.04 33.9l-22.67 22.67c-9.37 9.37-24.57 9.37-33.94 0L34.52 272.97c-9.37-9.37-9.37-24.57 0-33.94z\"><\/path><\/svg><\/div>\r\n\t\t\t\t\t\t\t\t\t\t\t\t<span class=\"neuron-swiper-button--hidden\">Previous<\/span>\r\n\t\t\t\t\t<\/div>\r\n\t\t\t\t\t<div class=\"neuron-swiper-button neuron-swiper-button--next\">\r\n\t\t\t\t\t\t\t\t\t\t\t\t\t<div class=\"neuron-icon\"><svg aria-hidden=\"true\" class=\"e-font-icon-svg e-fas-chevron-left\" viewbox=\"0 0 320 512\" xmlns=\"http:\/\/www.w3.org\/2000\/svg\"><path d=\"M34.52 239.03L228.87 44.69c9.37-9.37 24.57-9.37 33.94 0l22.67 22.67c9.36 9.36 9.37 24.52.04 33.9L131.49 256l154.02 154.75c9.34 9.38 9.32 24.54-.04 33.9l-22.67 22.67c-9.37 9.37-24.57 9.37-33.94 0L34.52 272.97c-9.37-9.37-9.37-24.57 0-33.94z\"><\/path><\/svg><\/div>\r\n\t\t\t\t\t\t\t\t\t\t\t\t<span class=\"neuron-swiper-button--hidden\">Next<\/span>\r\n\t\t\t\t\t<\/div>\r\n\t\t\t\t\r\n\t\t\t\t\t<\/div>\r\n\t\t\t\t\t\t<\/div>\n\t\t\t\t<\/div>\n\t\t\t\t<\/div>\n\t\t\t\t\t<\/div>\n\t\t\t\t<\/div>\n\t\t<div class=\"elementor-element elementor-element-028bb8e e-flex e-con-boxed e-con e-parent\" data-id=\"028bb8e\" data-element_type=\"container\">\n\t\t\t\t\t<div class=\"e-con-inner\">\n\t\t<div class=\"elementor-element elementor-element-8a46631 e-con-full e-flex e-con e-child\" data-id=\"8a46631\" data-element_type=\"container\">\n\t\t\t\t<div class=\"elementor-element elementor-element-d75ab03 elementor-widget elementor-widget-text-editor\" data-id=\"d75ab03\" data-element_type=\"widget\" data-settings=\"{&quot;motion_fx_motion_fx_scrolling&quot;:&quot;yes&quot;,&quot;motion_fx_opacity_effect&quot;:&quot;yes&quot;,&quot;motion_fx_opacity_range&quot;:{&quot;unit&quot;:&quot;%&quot;,&quot;size&quot;:&quot;&quot;,&quot;sizes&quot;:{&quot;start&quot;:11,&quot;end&quot;:54}},&quot;_animation&quot;:&quot;none&quot;,&quot;_animation_delay&quot;:100,&quot;motion_fx_opacity_direction&quot;:&quot;out-in&quot;,&quot;motion_fx_opacity_level&quot;:{&quot;unit&quot;:&quot;px&quot;,&quot;size&quot;:10,&quot;sizes&quot;:[]},&quot;motion_fx_devices&quot;:[&quot;desktop&quot;,&quot;tablet&quot;,&quot;mobile&quot;]}\" data-widget_type=\"text-editor.default\">\n\t\t\t\t<div class=\"elementor-widget-container\">\n\t\t\t\t\t\t\t\t\t<p>These axes guide the analysis of the case studies and the comparative examination of their implications, which are considered at two levels:<\/p><ol><li><strong>Contexts and practices:<\/strong> associating spirituality and PS, representing a \"meso\" level of analysis, centered above all on group or collective elements;<\/li><li><strong>Trajectories and narratives:<\/strong> at an essentially \"micro\" level of analysis, centered on individual journeys that combine SP and PS, even if they are located within a group trajectory.<\/li><\/ol>\t\t\t\t\t\t\t\t<\/div>\n\t\t\t\t<\/div>\n\t\t\t\t<\/div>\n\t\t\t\t\t<\/div>\n\t\t\t\t<\/div>\n\t\t<div class=\"elementor-element elementor-element-290a8d9 e-flex e-con-boxed e-con e-parent\" data-id=\"290a8d9\" data-element_type=\"container\">\n\t\t\t\t\t<div class=\"e-con-inner\">\n\t\t<div class=\"elementor-element elementor-element-e7719b1 e-con-full e-flex e-con e-child\" data-id=\"e7719b1\" data-element_type=\"container\">\n\t\t\t\t<div class=\"elementor-element elementor-element-3686b3f elementor-align-justify elementor-widget elementor-widget-button\" data-id=\"3686b3f\" data-element_type=\"widget\" data-widget_type=\"button.default\">\n\t\t\t\t<div class=\"elementor-widget-container\">\n\t\t\t\t\t\t\t\t\t<div class=\"elementor-button-wrapper\">\n\t\t\t\t\t<a class=\"elementor-button elementor-button-link elementor-size-sm\" href=\"https:\/\/spirects.fcsh.unl.pt\/en\/projeto\/\" id=\"metodologia\">\n\t\t\t\t\t\t<span class=\"elementor-button-content-wrapper\">\n\t\t\t\t\t\t\t\t\t<span class=\"elementor-button-text\">project<\/span>\n\t\t\t\t\t<\/span>\n\t\t\t\t\t<\/a>\n\t\t\t\t<\/div>\n\t\t\t\t\t\t\t\t<\/div>\n\t\t\t\t<\/div>\n\t\t\t\t<\/div>\n\t\t<div class=\"elementor-element elementor-element-e084871 e-con-full e-flex e-con e-child\" data-id=\"e084871\" data-element_type=\"container\">\n\t\t\t\t<div class=\"elementor-element elementor-element-6599bb1 elementor-align-justify elementor-widget elementor-widget-button\" data-id=\"6599bb1\" data-element_type=\"widget\" data-widget_type=\"button.default\">\n\t\t\t\t<div class=\"elementor-widget-container\">\n\t\t\t\t\t\t\t\t\t<div class=\"elementor-button-wrapper\">\n\t\t\t\t\t<a class=\"elementor-button elementor-button-link elementor-size-sm\" href=\"https:\/\/spirects.fcsh.unl.pt\/en\/metodologia\/\">\n\t\t\t\t\t\t<span class=\"elementor-button-content-wrapper\">\n\t\t\t\t\t\t\t\t\t<span class=\"elementor-button-text\">methodology<\/span>\n\t\t\t\t\t<\/span>\n\t\t\t\t\t<\/a>\n\t\t\t\t<\/div>\n\t\t\t\t\t\t\t\t<\/div>\n\t\t\t\t<\/div>\n\t\t\t\t<\/div>\n\t\t<div class=\"elementor-element elementor-element-0cb6475 e-con-full e-flex e-con e-child\" data-id=\"0cb6475\" data-element_type=\"container\">\n\t\t\t\t<div class=\"elementor-element elementor-element-3e7c511 elementor-align-justify elementor-widget elementor-widget-button\" data-id=\"3e7c511\" data-element_type=\"widget\" data-widget_type=\"button.default\">\n\t\t\t\t<div class=\"elementor-widget-container\">\n\t\t\t\t\t\t\t\t\t<div class=\"elementor-button-wrapper\">\n\t\t\t\t\t<a class=\"elementor-button elementor-button-link elementor-size-sm\" href=\"https:\/\/spirects.fcsh.unl.pt\/en\/quem-somos\/\">\n\t\t\t\t\t\t<span class=\"elementor-button-content-wrapper\">\n\t\t\t\t\t\t\t\t\t<span class=\"elementor-button-text\">about us<\/span>\n\t\t\t\t\t<\/span>\n\t\t\t\t\t<\/a>\n\t\t\t\t<\/div>\n\t\t\t\t\t\t\t\t<\/div>\n\t\t\t\t<\/div>\n\t\t\t\t<\/div>\n\t\t\t\t\t<\/div>\n\t\t\t\t<\/div>\n\t\t<div class=\"elementor-element elementor-element-ef97700 e-con-full e-flex e-con e-parent\" data-id=\"ef97700\" data-element_type=\"container\">\n\t\t<div class=\"elementor-element elementor-element-3e734f0 e-con-full e-flex e-con e-child\" data-id=\"3e734f0\" data-element_type=\"container\">\n\t\t\t\t<div class=\"elementor-element elementor-element-2cde66c elementor-widget__width-inherit elementor-widget elementor-widget-image\" data-id=\"2cde66c\" data-element_type=\"widget\" data-widget_type=\"image.default\">\n\t\t\t\t<div class=\"elementor-widget-container\">\n\t\t\t\t\t\t\t\t\t\t\t\t\t\t\t<img fetchpriority=\"high\" decoding=\"async\" width=\"1024\" height=\"148\" src=\"https:\/\/spirects.fcsh.unl.pt\/wp-content\/uploads\/2025\/02\/logo-vazado-onduladoAsset-19@3x-1-1024x148.png\" class=\"attachment-large size-large wp-image-3462\" alt=\"\" srcset=\"https:\/\/spirects.fcsh.unl.pt\/wp-content\/uploads\/2025\/02\/logo-vazado-onduladoAsset-19@3x-1-1024x148.png 1024w, https:\/\/spirects.fcsh.unl.pt\/wp-content\/uploads\/2025\/02\/logo-vazado-onduladoAsset-19@3x-1-300x43.png 300w, https:\/\/spirects.fcsh.unl.pt\/wp-content\/uploads\/2025\/02\/logo-vazado-onduladoAsset-19@3x-1-768x111.png 768w, https:\/\/spirects.fcsh.unl.pt\/wp-content\/uploads\/2025\/02\/logo-vazado-onduladoAsset-19@3x-1-1536x221.png 1536w, https:\/\/spirects.fcsh.unl.pt\/wp-content\/uploads\/2025\/02\/logo-vazado-onduladoAsset-19@3x-1-2048x295.png 2048w\" sizes=\"(max-width: 1024px) 100vw, 1024px\" \/>\t\t\t\t\t\t\t\t\t\t\t\t\t\t\t<\/div>\n\t\t\t\t<\/div>\n\t\t\t\t<\/div>\n\t\t\t\t<\/div>\n\t\t\t\t<\/div>","protected":false},"excerpt":{"rendered":"<p>OBJETIVOS O projeto &#8220;SPIRECTS \u2013 Pr\u00e1ticas espirituais e subst\u00e2ncias psicad\u00e9licas em contextos emergentes ritualizados: implica\u00e7\u00f5es terap\u00eauticas e socioculturais&#8221; (2023.13311.PEX) pretende estudar usos rituais de SP para fins espirituais, adotando uma perspetiva ainda inexplorada, tamb\u00e9m em Portugal. O seu foco incide nas implica\u00e7\u00f5es socioculturais e terap\u00eauticas de tais pr\u00e1ticas do ponto de vista tanto dos utilizadores&#8230;<\/p>","protected":false},"author":1,"featured_media":0,"parent":0,"menu_order":0,"comment_status":"closed","ping_status":"closed","template":"","meta":{"footnotes":""},"class_list":["post-3392","page","type-page","status-publish","hentry"],"_links":{"self":[{"href":"https:\/\/spirects.fcsh.unl.pt\/en\/wp-json\/wp\/v2\/pages\/3392","targetHints":{"allow":["GET"]}}],"collection":[{"href":"https:\/\/spirects.fcsh.unl.pt\/en\/wp-json\/wp\/v2\/pages"}],"about":[{"href":"https:\/\/spirects.fcsh.unl.pt\/en\/wp-json\/wp\/v2\/types\/page"}],"author":[{"embeddable":true,"href":"https:\/\/spirects.fcsh.unl.pt\/en\/wp-json\/wp\/v2\/users\/1"}],"replies":[{"embeddable":true,"href":"https:\/\/spirects.fcsh.unl.pt\/en\/wp-json\/wp\/v2\/comments?post=3392"}],"version-history":[{"count":0,"href":"https:\/\/spirects.fcsh.unl.pt\/en\/wp-json\/wp\/v2\/pages\/3392\/revisions"}],"wp:attachment":[{"href":"https:\/\/spirects.fcsh.unl.pt\/en\/wp-json\/wp\/v2\/media?parent=3392"}],"curies":[{"name":"wp","href":"https:\/\/api.w.org\/{rel}","templated":true}]}}