{"id":2986,"date":"2025-02-21T05:17:51","date_gmt":"2025-02-21T08:17:51","guid":{"rendered":"http:\/\/localhost:8888\/spirects\/?page_id=2986"},"modified":"2025-03-27T15:45:40","modified_gmt":"2025-03-27T15:45:40","slug":"contacto","status":"publish","type":"page","link":"https:\/\/spirects.fcsh.unl.pt\/en\/contacto\/","title":{"rendered":"contact"},"content":{"rendered":"<div data-elementor-type=\"wp-page\" data-elementor-id=\"2986\" class=\"elementor elementor-2986\">\n\t\t\t\t<div class=\"elementor-element elementor-element-b96e676 e-flex e-con-boxed e-con e-parent\" data-id=\"b96e676\" data-element_type=\"container\" data-settings=\"{&quot;background_background&quot;:&quot;classic&quot;}\">\n\t\t\t\t\t<div class=\"e-con-inner\">\n\t\t\t\t<div class=\"elementor-element elementor-element-bf46986 elementor-widget elementor-widget-heading\" data-id=\"bf46986\" data-element_type=\"widget\" data-widget_type=\"heading.default\">\n\t\t\t\t<div class=\"elementor-widget-container\">\n\t\t\t\t\t<h2 class=\"elementor-heading-title elementor-size-default\">CONTACT<\/h2>\t\t\t\t<\/div>\n\t\t\t\t<\/div>\n\t\t\t\t\t<\/div>\n\t\t\t\t<\/div>\n\t\t<div class=\"elementor-element elementor-element-8a18b9f e-flex e-con-boxed e-con e-parent\" data-id=\"8a18b9f\" data-element_type=\"container\">\n\t\t\t\t\t<div class=\"e-con-inner\">\n\t\t<div class=\"elementor-element elementor-element-731da17 e-con-full e-flex e-con e-child\" data-id=\"731da17\" data-element_type=\"container\">\n\t\t\t\t<div class=\"elementor-element elementor-element-b8f751d elementor-widget elementor-widget-text-editor\" data-id=\"b8f751d\" data-element_type=\"widget\" data-widget_type=\"text-editor.default\">\n\t\t\t\t<div class=\"elementor-widget-container\">\n\t\t\t\t\t\t\t\t\t<p>We would like to hear from you. If you have any questions about the project, please contact us using this form or the address below.<\/p><p>email:<br \/>spirects@fcsh.unl.pt<\/p>\t\t\t\t\t\t\t\t<\/div>\n\t\t\t\t<\/div>\n\t\t\t\t<\/div>\n\t\t<div class=\"elementor-element elementor-element-ee06d7f e-con-full e-flex e-con e-child\" data-id=\"ee06d7f\" data-element_type=\"container\">\n\t\t\t\t<div class=\"elementor-element elementor-element-f7c5d44 elementor-widget elementor-widget-neuron-form\" data-id=\"f7c5d44\" data-element_type=\"widget\" data-widget_type=\"neuron-form.default\">\n\t\t\t\t<div class=\"elementor-widget-container\">\n\t\t\t\t\t\t\t<form class=\"m-neuron-form\" method=\"post\" name=\"New Form\" action=\"\">\r\n\t\t\t<input type=\"hidden\" name=\"post_id\" value=\"2986\"\/>\r\n\t\t\t<input type=\"hidden\" name=\"form_id\" value=\"f7c5d44\"\/>\r\n\r\n\t\t\t\t\t\t<div class=\"m-neuron-form__field-group--text m-neuron-form__field-group elementor-repeater-item-6b7e55e\">\r\n\t\t\t\t<label for=\"form-field-name\" class=\"m-neuron-form__label elementor-screen-only\">name<\/label><input size=\"1\" type=\"text\" name=\"form_fields[name]\" id=\"form-field-name\" class=\"m-neuron-form__field h-neuron-size-sm  m-neuron-form__input\" placeholder=\"name\">\t\t\t<\/div>\r\n\t\t\t\t\t\t<div class=\"m-neuron-form__field-group--email m-neuron-form__field-group elementor-repeater-item-d0d33e1 m-neuron-form__field-group--required\">\r\n\t\t\t\t<label for=\"form-field-email\" class=\"m-neuron-form__label elementor-screen-only\">email<\/label><input size=\"1\" type=\"email\" name=\"form_fields[email]\" id=\"form-field-email\" class=\"m-neuron-form__field h-neuron-size-sm  m-neuron-form__input\" placeholder=\"email\" required=\"required\" aria-required=\"true\">\t\t\t<\/div>\r\n\t\t\t\t\t\t<div class=\"m-neuron-form__field-group--textarea m-neuron-form__field-group elementor-repeater-item-fc59d5a\">\r\n\t\t\t\t<label for=\"form-field-message\" class=\"m-neuron-form__label elementor-screen-only\">message<\/label><textarea class=\"m-neuron-form__field  h-neuron-size-sm\" name=\"form_fields[message]\" id=\"form-field-message\" rows=\"4\" placeholder=\"message\"><\/textarea>\t\t\t<\/div>\r\n\t\t\t\t\t\t<div class=\"m-neuron-form__field-group m-neuron-form__button\">\r\n\t\t\t\t<button type=\"submit\" class=\"m-neuron-form__submit-button a-neuron-button h-neuron-size--xs elementor-animation-grow-rotate\" id=\"ENVIAR\">\r\n\t\t\t\t\t<span >\r\n\t\t\t\t\t\t\t\t\t\t\t\t\t<span class=\"m-neuron-form__button-icon\">\r\n\t\t\t\t\t\t\t\t\t\t\t\t\t\t\t\t\t\t\t\t\t\t\t<\/span>\r\n\t\t\t\t\t\t\t\t\t\t\t\t\t\t\t\t\t\t\t<span class=\"m-neuron-form__button-text\">SEND<\/span>\r\n\t\t\t\t\t\t\t\t\t\t\t<\/span>\r\n\t\t\t\t<\/button>\r\n\t\t\t<\/div>\r\n\t\t<input type=\"hidden\" name=\"trp-form-language\" value=\"en\"\/><\/form>\r\n\t\t\t\t\t\t<\/div>\n\t\t\t\t<\/div>\n\t\t\t\t<\/div>\n\t\t\t\t\t<\/div>\n\t\t\t\t<\/div>\n\t\t<div class=\"elementor-element elementor-element-7d42b8a e-con-full e-flex e-con e-parent\" data-id=\"7d42b8a\" data-element_type=\"container\">\n\t\t<div class=\"elementor-element elementor-element-1e9c697 e-con-full e-flex e-con e-child\" data-id=\"1e9c697\" data-element_type=\"container\">\n\t\t\t\t<div class=\"elementor-element elementor-element-a0127d6 elementor-widget elementor-widget-image\" data-id=\"a0127d6\" data-element_type=\"widget\" data-widget_type=\"image.default\">\n\t\t\t\t<div class=\"elementor-widget-container\">\n\t\t\t\t\t\t\t\t\t\t\t\t\t\t\t<img fetchpriority=\"high\" decoding=\"async\" width=\"1024\" height=\"262\" src=\"https:\/\/spirects.fcsh.unl.pt\/wp-content\/uploads\/2025\/02\/logo_spirects_wave-1024x262.png\" class=\"attachment-large size-large wp-image-3172\" alt=\"\" srcset=\"https:\/\/spirects.fcsh.unl.pt\/wp-content\/uploads\/2025\/02\/logo_spirects_wave-1024x262.png 1024w, https:\/\/spirects.fcsh.unl.pt\/wp-content\/uploads\/2025\/02\/logo_spirects_wave-300x77.png 300w, https:\/\/spirects.fcsh.unl.pt\/wp-content\/uploads\/2025\/02\/logo_spirects_wave-768x197.png 768w, https:\/\/spirects.fcsh.unl.pt\/wp-content\/uploads\/2025\/02\/logo_spirects_wave-1536x393.png 1536w, https:\/\/spirects.fcsh.unl.pt\/wp-content\/uploads\/2025\/02\/logo_spirects_wave-2048x524.png 2048w\" sizes=\"(max-width: 1024px) 100vw, 1024px\" \/>\t\t\t\t\t\t\t\t\t\t\t\t\t\t\t<\/div>\n\t\t\t\t<\/div>\n\t\t\t\t<\/div>\n\t\t\t\t<\/div>\n\t\t\t\t<\/div>","protected":false},"excerpt":{"rendered":"<p>CONTACTO Gostar\u00edamos de conhecer a sua opini\u00e3o. Caso tenha alguma quest\u00e3o sobre o projeto, poder\u00e1 contactar-nos atrav\u00e9s deste formul\u00e1rio ou utilizar o endere\u00e7o abaixo. email:spirects@fcsh.unl.pt<\/p>","protected":false},"author":1,"featured_media":0,"parent":0,"menu_order":0,"comment_status":"closed","ping_status":"closed","template":"","meta":{"footnotes":""},"class_list":["post-2986","page","type-page","status-publish","hentry"],"_links":{"self":[{"href":"https:\/\/spirects.fcsh.unl.pt\/en\/wp-json\/wp\/v2\/pages\/2986","targetHints":{"allow":["GET"]}}],"collection":[{"href":"https:\/\/spirects.fcsh.unl.pt\/en\/wp-json\/wp\/v2\/pages"}],"about":[{"href":"https:\/\/spirects.fcsh.unl.pt\/en\/wp-json\/wp\/v2\/types\/page"}],"author":[{"embeddable":true,"href":"https:\/\/spirects.fcsh.unl.pt\/en\/wp-json\/wp\/v2\/users\/1"}],"replies":[{"embeddable":true,"href":"https:\/\/spirects.fcsh.unl.pt\/en\/wp-json\/wp\/v2\/comments?post=2986"}],"version-history":[{"count":0,"href":"https:\/\/spirects.fcsh.unl.pt\/en\/wp-json\/wp\/v2\/pages\/2986\/revisions"}],"wp:attachment":[{"href":"https:\/\/spirects.fcsh.unl.pt\/en\/wp-json\/wp\/v2\/media?parent=2986"}],"curies":[{"name":"wp","href":"https:\/\/api.w.org\/{rel}","templated":true}]}}